{"id":15916,"date":"2017-09-20T00:22:25","date_gmt":"2017-09-20T00:22:25","guid":{"rendered":"https:\/\/chlegal.ca\/about-us\/"},"modified":"2023-09-21T00:08:56","modified_gmt":"2023-09-21T00:08:56","slug":"a-propos","status":"publish","type":"page","link":"https:\/\/chlegal.ca\/fr\/a-propos\/","title":{"rendered":"\u00c0 propos"},"content":{"rendered":"<p>[vc_row css_animation=&#8221;&#8221; row_type=&#8221;row&#8221; use_row_as_full_screen_section=&#8221;no&#8221; type=&#8221;full_width&#8221; angled_section=&#8221;no&#8221; text_align=&#8221;left&#8221; background_image_as_pattern=&#8221;without_pattern&#8221; background_color=&#8221;#1f2c42&#8243; css=&#8221;.vc_custom_1695254932690{padding-bottom: 100px !important;}&#8221; z_index=&#8221;&#8221;][vc_column][vc_row_inner row_type=&#8221;row&#8221; type=&#8221;grid&#8221; text_align=&#8221;left&#8221; css_animation=&#8221;&#8221;][vc_column_inner width=&#8221;2\/3&#8243;][vc_column_text el_class=&#8221;text-white&#8221;]<\/p>\n<h3>Histoire<\/h3>\n<p>Choueke Hollander LLP est le fruit d\u2019ann\u00e9es de respect mutuel et de collaboration professionnelle entre Eric Choueke et Michael Hollander, ainsi que leurs \u00e9quipes respectives d\u2019experts juridiques. Avec plus de 16 ans d\u2019expertise juridique individuelle chacun, ils ont travaill\u00e9 ensemble dans le m\u00eame cabinet d\u2019avocats pendant dix ans. Reconnaissant la synergie entre l\u2019approche pratique de Choueke et l\u2019approche dynamique de Hollander, leurs \u00e9quipes ont fusionn\u00e9 pour cr\u00e9er une entit\u00e9 int\u00e9gr\u00e9e dot\u00e9e d\u2019un large \u00e9ventail de comp\u00e9tences et de sp\u00e9cialisations. Ce cabinet incarne leur engagement commun \u00e0 fournir des solutions juridiques \u00e9volutives, dynamiques et pratiques.[\/vc_column_text][vc_empty_space][\/vc_column_inner][vc_column_inner width=&#8221;1\/3&#8243;][vc_single_image image=&#8221;16313&#8243; alignment=&#8221;center&#8221; qode_css_animation=&#8221;&#8221;][\/vc_column_inner][\/vc_row_inner][\/vc_column][\/vc_row][vc_row css_animation=&#8221;&#8221; row_type=&#8221;row&#8221; use_row_as_full_screen_section=&#8221;no&#8221; type=&#8221;full_width&#8221; angled_section=&#8221;yes&#8221; angled_section_position=&#8221;top&#8221; angled_section_direction=&#8221;from_right_to_left&#8221; text_align=&#8221;left&#8221; background_image_as_pattern=&#8221;without_pattern&#8221; background_color=&#8221;#fff6e7&#8243; css=&#8221;.vc_custom_1695254316080{padding-top: 100px !important;padding-bottom: 100px !important;}&#8221; z_index=&#8221;&#8221;][vc_column][vc_row_inner row_type=&#8221;row&#8221; type=&#8221;grid&#8221; text_align=&#8221;left&#8221; css_animation=&#8221;&#8221;][vc_column_inner width=&#8221;1\/3&#8243;][vc_column_text]<\/p>\n<h3>Nos sp\u00e9cialisations<\/h3>\n<p>[\/vc_column_text][vc_column_text]Des subtilit\u00e9s du droit commercial au terrain sensible du droit de la famille, notre expertise diversifi\u00e9e s&#8217;\u00e9tend \u00e0 de multiples disciplines juridiques, y compris le droit immobilier, l&#8217;emploi et le droit du travail. Nous sommes \u00e9quip\u00e9s pour guider aussi bien les clients individuels que les soci\u00e9t\u00e9s \u00e0 travers des labyrinthes juridiques complexes.[\/vc_column_text][vc_empty_space][\/vc_column_inner][vc_column_inner width=&#8221;1\/3&#8243;][vc_column_text]<\/p>\n<h3>Qui nous servons<\/h3>\n<p>[\/vc_column_text][vc_column_text]Notre client\u00e8le refl\u00e8te l&#8217;\u00e9tendue de notre expertise. Parmi ceux que nous servons figurent des propri\u00e9taires, des chefs d&#8217;entreprise et des soci\u00e9t\u00e9s d\u00e9tenant des biens immobiliers, et s&#8217;\u00e9tend aux petites et moyennes entreprises. La diversit\u00e9 va au-del\u00e0 des secteurs d&#8217;activit\u00e9 pour toucher la nature m\u00eame des clients, allant des entrepreneurs individuels aux soci\u00e9t\u00e9s bien \u00e9tablies.[\/vc_column_text][vc_empty_space][\/vc_column_inner][vc_column_inner width=&#8221;1\/3&#8243;][vc_column_text]<\/p>\n<h3>Pas seulement un cabinet, un partenariat<\/h3>\n<p>[\/vc_column_text][vc_column_text]Notre approche repose sur les principes de fiabilit\u00e9, de connaissance, de dynamisme et de praticit\u00e9. Nous nous consid\u00e9rons non seulement comme des partenaires au sens juridique, mais aussi comme des alli\u00e9s pour garantir que vous b\u00e9n\u00e9ficiez des meilleurs conseils et repr\u00e9sentations juridiques possibles.[\/vc_column_text][vc_empty_space][\/vc_column_inner][\/vc_row_inner][\/vc_column][\/vc_row]<\/p>\n","protected":false},"excerpt":{"rendered":"<p>[vc_row css_animation=&#8221;&#8221; row_type=&#8221;row&#8221; use_row_as_full_screen_section=&#8221;no&#8221; type=&#8221;full_width&#8221; angled_section=&#8221;no&#8221; text_align=&#8221;left&#8221; background_image_as_pattern=&#8221;without_pattern&#8221; background_color=&#8221;#1f2c42&#8243; css=&#8221;.vc_custom_1695254932690{padding-bottom: 100px !important;}&#8221; z_index=&#8221;&#8221;][vc_column][vc_row_inner row_type=&#8221;row&#8221; type=&#8221;grid&#8221; text_align=&#8221;left&#8221; css_animation=&#8221;&#8221;][vc_column_inner width=&#8221;2\/3&#8243;][vc_column_text el_class=&#8221;text-white&#8221;] Histoire Choueke Hollander LLP est le fruit d\u2019ann\u00e9es de respect mutuel et de collaboration professionnelle entre Eric Choueke et Michael Hollander, ainsi que leurs \u00e9quipes respectives&#8230;<\/p>\n","protected":false},"author":1,"featured_media":0,"parent":0,"menu_order":0,"comment_status":"closed","ping_status":"closed","template":"full_width.php","meta":{"footnotes":""},"_links":{"self":[{"href":"https:\/\/chlegal.ca\/fr\/wp-json\/wp\/v2\/pages\/15916"}],"collection":[{"href":"https:\/\/chlegal.ca\/fr\/wp-json\/wp\/v2\/pages"}],"about":[{"href":"https:\/\/chlegal.ca\/fr\/wp-json\/wp\/v2\/types\/page"}],"author":[{"embeddable":true,"href":"https:\/\/chlegal.ca\/fr\/wp-json\/wp\/v2\/users\/1"}],"replies":[{"embeddable":true,"href":"https:\/\/chlegal.ca\/fr\/wp-json\/wp\/v2\/comments?post=15916"}],"version-history":[{"count":24,"href":"https:\/\/chlegal.ca\/fr\/wp-json\/wp\/v2\/pages\/15916\/revisions"}],"predecessor-version":[{"id":16483,"href":"https:\/\/chlegal.ca\/fr\/wp-json\/wp\/v2\/pages\/15916\/revisions\/16483"}],"wp:attachment":[{"href":"https:\/\/chlegal.ca\/fr\/wp-json\/wp\/v2\/media?parent=15916"}],"curies":[{"name":"wp","href":"https:\/\/api.w.org\/{rel}","templated":true}]}}