{"id":15940,"date":"2017-02-02T02:57:36","date_gmt":"2017-02-02T02:57:36","guid":{"rendered":"https:\/\/chlegal.ca\/accueil\/"},"modified":"2023-09-22T20:33:54","modified_gmt":"2023-09-22T20:33:54","slug":"home","status":"publish","type":"page","link":"https:\/\/chlegal.ca\/fr\/","title":{"rendered":"Accueil"},"content":{"rendered":"<p>[vc_row css_animation=&#8221;&#8221; row_type=&#8221;row&#8221; use_row_as_full_screen_section=&#8221;no&#8221; type=&#8221;full_width&#8221; angled_section=&#8221;yes&#8221; angled_section_position=&#8221;top&#8221; angled_section_direction=&#8221;from_right_to_left&#8221; text_align=&#8221;left&#8221; background_image_as_pattern=&#8221;without_pattern&#8221; background_color=&#8221;#ffffff&#8221; z_index=&#8221;&#8221; css=&#8221;.vc_custom_1693160325434{padding-top: 100px !important;padding-bottom: 140px !important;}&#8221;][vc_column][vc_row_inner row_type=&#8221;row&#8221; type=&#8221;grid&#8221; text_align=&#8221;left&#8221; css_animation=&#8221;&#8221;][vc_column_inner el_class=&#8221;text-right&#8221; width=&#8221;1\/3&#8243;][vc_empty_space height=&#8221;5px&#8221;][vc_column_text]<\/p>\n<h1>D\u00e9couvrez une nouvelle \u00e8re de soutien juridique<\/h1>\n<p>[\/vc_column_text][vc_empty_space height=&#8221;25px&#8221;][\/vc_column_inner][vc_column_inner width=&#8221;2\/3&#8243;][vc_column_text el_class=&#8221;home-text-box&#8221;]Choueke Hollander LLP est un cabinet d&#8217;avocats de Montr\u00e9al n\u00e9 de l&#8217;union de deux entit\u00e9s juridiques distingu\u00e9es. Notre \u00e9quipe r\u00e9unit le meilleur des deux mondes, offrant une approche dynamique, fiable et pratique aux services juridiques. Puisant dans une riche histoire d\u2019excellence juridique, nous \u00e9laborons des solutions sp\u00e9cifiquement adapt\u00e9es \u00e0 vos besoins juridiques individuels. Avec votre succ\u00e8s comme principe directeur, laissez-nous vous guider dans vos d\u00e9marches juridiques.[\/vc_column_text][vc_empty_space height=&#8221;20px&#8221;]<a  itemprop=\"url\" href=\"\/fr\/a-propos\" target=\"_self\"  class=\"qbutton  default\" style=\"\">En savoir plus : \u00c0 propos de nous<\/a>[\/vc_column_inner][\/vc_row_inner][\/vc_column][\/vc_row][vc_row css_animation=&#8221;&#8221; row_type=&#8221;row&#8221; use_row_as_full_screen_section=&#8221;no&#8221; type=&#8221;full_width&#8221; angled_section=&#8221;yes&#8221; angled_section_position=&#8221;top&#8221; angled_section_direction=&#8221;from_right_to_left&#8221; text_align=&#8221;left&#8221; background_image_as_pattern=&#8221;without_pattern&#8221; background_color=&#8221;#1f2c42&#8243; z_index=&#8221;&#8221; css=&#8221;.vc_custom_1693160557112{padding-top: 100px !important;padding-bottom: 140px !important;}&#8221;][vc_column][vc_row_inner row_type=&#8221;row&#8221; type=&#8221;grid&#8221; text_align=&#8221;left&#8221; css_animation=&#8221;&#8221;][vc_column_inner el_class=&#8221;text-center&#8221;][vc_column_text el_class=&#8221;text-white&#8221;]<\/p>\n<h1 style=\"text-align: center;\">Un spectre complet de services juridiques<\/h1>\n<p>[\/vc_column_text][vc_column_text el_class=&#8221;text-white&#8221;]Nous nous sp\u00e9cialisons en droit commercial, droit immobilier, droit de la famille, droit du travail et plus encore, et offrons des solutions sur mesure pour les particuliers, les propri\u00e9taires, les entreprises et les soci\u00e9t\u00e9s.<\/p>\n<p>D\u00e9couvrez un partenariat avec nous qui s\u2019adapte \u00e0 vos besoins, offrant l\u2019excellence \u00e0 chaque \u00e9tape.[\/vc_column_text][vc_empty_space height=&#8221;20px&#8221;]<a  itemprop=\"url\" href=\"\/fr\/domaines-de-pratique\/\" target=\"_self\"  class=\"qbutton  default\" style=\"\">En savoir plus : Domaines de pratique<\/a>[\/vc_column_inner][\/vc_row_inner][\/vc_column][\/vc_row][vc_row css_animation=&#8221;&#8221; row_type=&#8221;row&#8221; use_row_as_full_screen_section=&#8221;no&#8221; type=&#8221;grid&#8221; angled_section=&#8221;yes&#8221; angled_section_position=&#8221;top&#8221; angled_section_direction=&#8221;from_right_to_left&#8221; text_align=&#8221;left&#8221; background_image_as_pattern=&#8221;without_pattern&#8221; background_color=&#8221;#ffffff&#8221; z_index=&#8221;&#8221; css=&#8221;.vc_custom_1693160468154{padding-top: 100px !important;padding-bottom: 120px !important;}&#8221;][vc_column width=&#8221;5\/12&#8243;][vc_column_text]<\/p>\n<h1>Rencontrez nos professionnels<\/h1>\n<p>[\/vc_column_text][vc_empty_space height=&#8221;20px&#8221;][vc_column_text]Notre \u00e9quipe de professionnels est compos\u00e9e d&#8217;experts chevronn\u00e9s et de penseurs innovants, unis par un d\u00e9vouement \u00e0 l&#8217;excellence et \u00e0 la satisfaction du client. Leur exp\u00e9rience collective constitue une force majeure, pr\u00eate \u00e0 fournir des solutions juridiques personnalis\u00e9es et efficaces.[\/vc_column_text][vc_empty_space height=&#8221;20px&#8221;]<a  itemprop=\"url\" href=\"\/fr\/equipe\" target=\"_self\"  class=\"qbutton  default\" style=\"\">Voir l&apos;\u00e9quipe<\/a>[vc_empty_space][\/vc_column][vc_column width=&#8221;7\/12&#8243;][vc_column_text]\n\n\n<div id=\"wpv-view-layout-16348\" class=\"js-wpv-view-layout js-wpv-layout-responsive js-wpv-view-layout-16348\" data-viewnumber=\"16348\" data-pagination=\"{&quot;id&quot;:16348,&quot;query&quot;:&quot;normal&quot;,&quot;type&quot;:&quot;disabled&quot;,&quot;effect&quot;:&quot;fade&quot;,&quot;duration&quot;:&quot;500&quot;,&quot;speed&quot;:5,&quot;pause_on_hover&quot;:&quot;disabled&quot;,&quot;stop_rollover&quot;:&quot;false&quot;,&quot;cache_pages&quot;:&quot;enabled&quot;,&quot;preload_images&quot;:&quot;enabled&quot;,&quot;preload_pages&quot;:&quot;enabled&quot;,&quot;preload_reach&quot;:&quot;1&quot;,&quot;spinner&quot;:&quot;builtin&quot;,&quot;spinner_image&quot;:&quot;https:\/\/chlegal.ca\/wp-content\/plugins\/wp-views\/embedded\/res\/img\/ajax-loader.gif&quot;,&quot;callback_next&quot;:&quot;&quot;,&quot;manage_history&quot;:&quot;enabled&quot;,&quot;has_controls_in_form&quot;:&quot;disabled&quot;,&quot;infinite_tolerance&quot;:&quot;0&quot;,&quot;max_pages&quot;:1,&quot;page&quot;:1,&quot;base_permalink&quot;:&quot;\/fr\/wp-json\/wp\/v2\/pages\/15940?wpv_view_count=16348&amp;wpv_paged=WPV_PAGE_NUM&quot;,&quot;loop&quot;:{&quot;type&quot;:&quot;&quot;,&quot;name&quot;:&quot;&quot;,&quot;data&quot;:[],&quot;id&quot;:0}}\" data-permalink=\"\/fr\/wp-json\/wp\/v2\/pages\/15940?wpv_view_count=16348\">\n\n\t\n\t\n\t<div class=\"vc_row wpb_row section vc_row-fluid \" style=\" text-align:left;\"><div class=\" full_section_inner clearfix\">\n\t\n\t\t<div class=\"wpb_column vc_column_container vc_col-sm-6 \">\n    <div class=\"vc_column-inner \">\n        <div class=\"wpb_wrapper\">\n            <div class=\"wpb_single_image wpb_content_element vc_align_center\">\n                <div class=\"wpb_wrapper\">\n\n                    <div class=\"vc_single_image-wrapper vc_box_shadow_border_square  vc_box_border_grey\"><a href=\"https:\/\/chlegal.ca\/fr\/equipe\/eric-choueke\/\"><img decoding=\"async\" src=\"https:\/\/chlegal.ca\/wp-content\/uploads\/2017\/02\/photo_portraits_echoueke.jpg\" class=\"vc_single_image-img attachment-thumbnail partner-photo\"><\/a>\n                    <\/div>\n                <\/div>\n            <\/div>\n            <div class=\"vc_empty_space\" style=\"height: 10px\"><span class=\"vc_empty_space_inner\">\n\t\t\t<span class=\"empty_space_image\"><\/span>\n                <\/span>\n            <\/div>\n\n\n            <div class=\"wpb_text_column wpb_content_element \">\n                <div class=\"wpb_wrapper\">\n                    <h3 style=\"text-align: center;\">Eric Choueke<\/h3>\n                    <p style=\"text-align: center;height:30px;\"><i>Associ\u00e9 fondateur<\/i>\n                    <\/p>\n                    <h6 style=\"text-align: center;\"><\/h6>\n\n                <\/div>\n            <\/div>\n           \n\n\n            \n            \n\n\n            <div class=\"wpb_text_column wpb_content_element \">\n                <div class=\"wpb_wrapper\">\n                    <p style=\"text-align: center;\"><a itemprop=\"url\" href=\"https:\/\/chlegal.ca\/fr\/equipe\/eric-choueke\/\" target=\"_self\" class=\"qbutton  small default\" style=\"\" rel=\"noopener noreferrer\">Voir profil<i class=\"qode_icon_font_awesome fa fa-arrow-right qode_button_icon_element\" style=\"\"><\/i><\/a>\n                    <\/p>\n\n                <\/div>\n            <\/div>\n        <\/div>\n    <\/div>\n  <div class=\"vc_empty_space\" style=\"height: 55px\"><span class=\"vc_empty_space_inner\">\n\t\t\t<span class=\"empty_space_image\"><\/span>\n                            <\/span>\n                        <\/div>\n<\/div>  \n\t\n\t\t<div class=\"wpb_column vc_column_container vc_col-sm-6 \">\n    <div class=\"vc_column-inner \">\n        <div class=\"wpb_wrapper\">\n            <div class=\"wpb_single_image wpb_content_element vc_align_center\">\n                <div class=\"wpb_wrapper\">\n\n                    <div class=\"vc_single_image-wrapper vc_box_shadow_border_square  vc_box_border_grey\"><a href=\"https:\/\/chlegal.ca\/fr\/equipe\/michael-hollander\/\"><img decoding=\"async\" src=\"https:\/\/chlegal.ca\/wp-content\/uploads\/2023\/08\/michael-hollander-2-wpcf_533x800.jpg\" class=\"vc_single_image-img attachment-thumbnail partner-photo\"><\/a>\n                    <\/div>\n                <\/div>\n            <\/div>\n            <div class=\"vc_empty_space\" style=\"height: 10px\"><span class=\"vc_empty_space_inner\">\n\t\t\t<span class=\"empty_space_image\"><\/span>\n                <\/span>\n            <\/div>\n\n\n            <div class=\"wpb_text_column wpb_content_element \">\n                <div class=\"wpb_wrapper\">\n                    <h3 style=\"text-align: center;\">Michael Hollander<\/h3>\n                    <p style=\"text-align: center;height:30px;\"><i>Associ\u00e9 fondateur<\/i>\n                    <\/p>\n                    <h6 style=\"text-align: center;\"><\/h6>\n\n                <\/div>\n            <\/div>\n           \n\n\n            \n            \n\n\n            <div class=\"wpb_text_column wpb_content_element \">\n                <div class=\"wpb_wrapper\">\n                    <p style=\"text-align: center;\"><a itemprop=\"url\" href=\"https:\/\/chlegal.ca\/fr\/equipe\/michael-hollander\/\" target=\"_self\" class=\"qbutton  small default\" style=\"\" rel=\"noopener noreferrer\">Voir profil<i class=\"qode_icon_font_awesome fa fa-arrow-right qode_button_icon_element\" style=\"\"><\/i><\/a>\n                    <\/p>\n\n                <\/div>\n            <\/div>\n        <\/div>\n    <\/div>\n  <div class=\"vc_empty_space\" style=\"height: 55px\"><span class=\"vc_empty_space_inner\">\n\t\t\t<span class=\"empty_space_image\"><\/span>\n                            <\/span>\n                        <\/div>\n<\/div>  \n\t\n\t<\/div><\/div>\n\t\n\t\n\t\n<\/div>[\/vc_column_text][\/vc_column][\/vc_row]<\/p>\n","protected":false},"excerpt":{"rendered":"<p>[vc_row css_animation=&#8221;&#8221; row_type=&#8221;row&#8221; use_row_as_full_screen_section=&#8221;no&#8221; type=&#8221;full_width&#8221; angled_section=&#8221;yes&#8221; angled_section_position=&#8221;top&#8221; angled_section_direction=&#8221;from_right_to_left&#8221; text_align=&#8221;left&#8221; background_image_as_pattern=&#8221;without_pattern&#8221; background_color=&#8221;#ffffff&#8221; z_index=&#8221;&#8221; css=&#8221;.vc_custom_1693160325434{padding-top: 100px !important;padding-bottom: 140px !important;}&#8221;][vc_column][vc_row_inner row_type=&#8221;row&#8221; type=&#8221;grid&#8221; text_align=&#8221;left&#8221; css_animation=&#8221;&#8221;][vc_column_inner el_class=&#8221;text-right&#8221; width=&#8221;1\/3&#8243;][vc_empty_space height=&#8221;5px&#8221;][vc_column_text] D\u00e9couvrez une nouvelle \u00e8re de soutien juridique [\/vc_column_text][vc_empty_space height=&#8221;25px&#8221;][\/vc_column_inner][vc_column_inner width=&#8221;2\/3&#8243;][vc_column_text el_class=&#8221;home-text-box&#8221;]Choueke Hollander LLP est un cabinet d&#8217;avocats de Montr\u00e9al n\u00e9 de&#8230;<\/p>\n","protected":false},"author":1,"featured_media":0,"parent":0,"menu_order":0,"comment_status":"closed","ping_status":"closed","template":"full_width.php","meta":{"footnotes":""},"_links":{"self":[{"href":"https:\/\/chlegal.ca\/fr\/wp-json\/wp\/v2\/pages\/15940"}],"collection":[{"href":"https:\/\/chlegal.ca\/fr\/wp-json\/wp\/v2\/pages"}],"about":[{"href":"https:\/\/chlegal.ca\/fr\/wp-json\/wp\/v2\/types\/page"}],"author":[{"embeddable":true,"href":"https:\/\/chlegal.ca\/fr\/wp-json\/wp\/v2\/users\/1"}],"replies":[{"embeddable":true,"href":"https:\/\/chlegal.ca\/fr\/wp-json\/wp\/v2\/comments?post=15940"}],"version-history":[{"count":16,"href":"https:\/\/chlegal.ca\/fr\/wp-json\/wp\/v2\/pages\/15940\/revisions"}],"predecessor-version":[{"id":16489,"href":"https:\/\/chlegal.ca\/fr\/wp-json\/wp\/v2\/pages\/15940\/revisions\/16489"}],"wp:attachment":[{"href":"https:\/\/chlegal.ca\/fr\/wp-json\/wp\/v2\/media?parent=15940"}],"curies":[{"name":"wp","href":"https:\/\/api.w.org\/{rel}","templated":true}]}}